{"id":1994,"date":"2019-05-31T14:40:02","date_gmt":"2019-05-31T12:40:02","guid":{"rendered":"http:\/\/www.progeseduca.it\/?page_id=1994"},"modified":"2019-05-31T14:41:03","modified_gmt":"2019-05-31T12:41:03","slug":"attivita-2","status":"publish","type":"page","link":"http:\/\/progeseduca.it\/wp\/attivita-2\/","title":{"rendered":"ATTIVITA&#8217;"},"content":{"rendered":"<h2><strong>ATTIVITA&#8217;<\/strong><\/h2>\n<p>Le nostre scuole sono tra le pi\u00f9 antiche istituzioni educative della citt\u00e0.<\/p>\n<p>La loro nascita risale alla seconda met\u00e0 del Settecento, in virt\u00f9 dell\u2019opera di Rosa Orzi e del filosofo e teologo Padre domenicano Giuseppe Eugenio Porta, fondatori delle Maestre Luigine.<\/p>\n<p>Il 19 marzo 2002 le Mestre Luigine si fondono con la Congregazione delle Suore Domenicane della Beata Imelda che ne continuano il servizio educativo, mantenendone inalterati lo spirito e la missione.<\/p>\n<p>Con il 1\u00b0 settembre 2018, infine, tutto l\u2019Istituto passa sotto la gestione di una nuova Impresa Sociale, Proges Educa che, in linea con la storia della scuola e con l\u2019orientamento cattolico della stessa, si pone l\u2019obiettivo di \u201csviluppare un\u2019azione educativa imperniata sulla centralit\u00e0 della persona, finalizzata al pieno compimento della dignit\u00e0 e della libert\u00e0 dell\u2019uomo in vista della sua formazione integrale e del bene comune della societ\u00e0, attraverso la cura di una Comunit\u00e0 educante inserita come presenza attiva nel tessuto della Chiesa locale e del territorio\u201d.<\/p>\n","protected":false},"excerpt":{"rendered":"<p>ATTIVITA&#8217; Le nostre scuole sono tra le pi\u00f9 antiche istituzioni educative della citt\u00e0. La loro nascita risale alla seconda met\u00e0 del Settecento, in virt\u00f9 dell\u2019opera di Rosa Orzi e del filosofo e teologo Padre domenicano Giuseppe Eugenio Porta, fondatori delle Maestre Luigine. Il 19 marzo 2002 le Mestre Luigine si fondono con la Congregazione delle Suore Domenicane della Beata Imelda che ne continuano il servizio educativo, mantenendone inalterati lo spirito e la missione. Con il 1\u00b0 settembre 2018, infine, tutto l\u2019Istituto passa sotto la gestione di una nuova Impresa Sociale, Proges Educa che, in linea con la storia della scuola e [&hellip;]<\/p>\n","protected":false},"author":1,"featured_media":0,"parent":0,"menu_order":0,"comment_status":"closed","ping_status":"closed","template":"","meta":[],"_links":{"self":[{"href":"http:\/\/progeseduca.it\/wp\/wp-json\/wp\/v2\/pages\/1994"}],"collection":[{"href":"http:\/\/progeseduca.it\/wp\/wp-json\/wp\/v2\/pages"}],"about":[{"href":"http:\/\/progeseduca.it\/wp\/wp-json\/wp\/v2\/types\/page"}],"author":[{"embeddable":true,"href":"http:\/\/progeseduca.it\/wp\/wp-json\/wp\/v2\/users\/1"}],"replies":[{"embeddable":true,"href":"http:\/\/progeseduca.it\/wp\/wp-json\/wp\/v2\/comments?post=1994"}],"version-history":[{"count":2,"href":"http:\/\/progeseduca.it\/wp\/wp-json\/wp\/v2\/pages\/1994\/revisions"}],"predecessor-version":[{"id":1997,"href":"http:\/\/progeseduca.it\/wp\/wp-json\/wp\/v2\/pages\/1994\/revisions\/1997"}],"wp:attachment":[{"href":"http:\/\/progeseduca.it\/wp\/wp-json\/wp\/v2\/media?parent=1994"}],"curies":[{"name":"wp","href":"https:\/\/api.w.org\/{rel}","templated":true}]}}